{"id":12,"date":"2026-01-02T14:13:55","date_gmt":"2026-01-02T14:13:55","guid":{"rendered":"https:\/\/www.ritephilosophal.fr\/?page_id=12"},"modified":"2026-01-03T15:43:54","modified_gmt":"2026-01-03T15:43:54","slug":"le-grand-conseil","status":"publish","type":"page","link":"https:\/\/www.ritephilosophal.fr\/index.php\/le-grand-conseil\/","title":{"rendered":"Le Grand Conseil"},"content":{"rendered":"\n<p>En tant qu\u2019h\u00e9ritier de courants ma\u00e7onniques et d\u2019une pens\u00e9e philosophale, le Grand Conseil est le garant et le d\u00e9fenseur de principes fondamentaux et inali\u00e9nables. Il affirme avec force la dignit\u00e9 humaine, le respect absolu de la libert\u00e9 de conscience, impliquant pour chacun la libert\u00e9 totale de croire ou de ne pas croire, dans le strict respect des convictions religieuses qui restent strictement du domaine priv\u00e9.<\/p>\n\n\n\n<p>Il affirme \u00e9galement l\u2019\u00e9galit\u00e9 compl\u00e8te et enti\u00e8re de toutes et tous ses membres, notamment sans distinction de genre. Par principe, il professe le refus cat\u00e9gorique de toute forme de domination ou d&#8217;emprise, qu&rsquo;elle soit profane, id\u00e9ologique, politique ou sectaire, afin de garantir le libre examen et l\u2019autonomie de sa d\u00e9marche. Se constituant en une instance unique, cette F\u00e9d\u00e9ration assure la coh\u00e9rence et la p\u00e9rennit\u00e9 de son \u0153uvre philosophique et fraternelle.<\/p>\n\n\n\n<p>Chaque membre demeure libre de poursuivre son propre chemin de recherche et de pratique, dans l\u2019esprit d\u2019une \u00e9tude ouverte et d\u2019une bienveillante curiosit\u00e9 \u00e0 l\u2019\u00e9gard des autres traditions, \u00e9coles et syst\u00e8mes. Il n\u2019est pas n\u00e9cessaire d\u2019\u00eatre alchimiste pour y prendre part&nbsp;: l\u2019alchimie y est un langage et un outillage parmi d\u2019autres, propos\u00e9, jamais exig\u00e9, en dialogue avec des approches philosophiques, symboliques, scientifiques ou spirituelles compatibles avec nos principes.<\/p>\n\n\n\n<p>Le Grand Conseil du Rite Philosophal travaille \u00e0 la gloire du <strong>Grand Principe de la Nature<\/strong>. Cette formule renvoie \u00e0 une transcendance immanente\u00a0: une Nature-Principe intelligible qui rappelle l\u2019\u00e9thique spinoziste (Dieu ou la Nature comme ordre n\u00e9cessaire), et l\u2019axe sto\u00efcien de S\u00e9n\u00e8que (se r\u00e9gler sur la raison commune du monde, verticale int\u00e9rieure qui relie l\u2019homme \u00e0 l\u2019univers). En l\u2019\u00e9non\u00e7ant comme <em>Principe<\/em> plut\u00f4t que comme divinit\u00e9 confessionnelle, l\u2019invocation s\u2019accorde \u00e0 l\u2019alchimie (loi d\u2019unification et de transformation du vivant) tout en laissant chacun libre d\u2019y voir Dieu, la Nature, ou simplement l\u2019exigence rationnelle d\u2019un ordre du monde.<\/p>\n\n\n\n<p>Enfin, nous ne pr\u00eatons serment que sur l\u2019honneur et la conscience&nbsp;: c\u2019est une garantie sans apparat, mais d\u2019une exigence absolue \u2014 et l\u2019on sait qu\u2019elle ne s\u2019impose qu\u2019\u00e0 ceux qui s\u2019y reconnaissent.<\/p>\n\n\n\n<h3 class=\"wp-block-heading\"><\/h3>\n\n\n\n<ul class=\"wp-block-list\">\n<li><\/li>\n<\/ul>\n\n\n\n<h3 class=\"wp-block-heading\"><\/h3>\n","protected":false},"excerpt":{"rendered":"<p>En tant qu\u2019h\u00e9ritier de courants ma\u00e7onniques et d\u2019une pens\u00e9e philosophale, le Grand Conseil est le garant et le d\u00e9fenseur de principes fondamentaux et inali\u00e9nables. Il affirme avec force la dignit\u00e9 humaine, le respect absolu de la libert\u00e9 de conscience, impliquant pour chacun la libert\u00e9 totale de croire ou de ne pas croire, dans le strict [&hellip;]<\/p>\n","protected":false},"author":1,"featured_media":0,"parent":0,"menu_order":20,"comment_status":"closed","ping_status":"closed","template":"","meta":{"footnotes":""},"class_list":["post-12","page","type-page","status-publish","hentry"],"_links":{"self":[{"href":"https:\/\/www.ritephilosophal.fr\/index.php\/wp-json\/wp\/v2\/pages\/12","targetHints":{"allow":["GET"]}}],"collection":[{"href":"https:\/\/www.ritephilosophal.fr\/index.php\/wp-json\/wp\/v2\/pages"}],"about":[{"href":"https:\/\/www.ritephilosophal.fr\/index.php\/wp-json\/wp\/v2\/types\/page"}],"author":[{"embeddable":true,"href":"https:\/\/www.ritephilosophal.fr\/index.php\/wp-json\/wp\/v2\/users\/1"}],"replies":[{"embeddable":true,"href":"https:\/\/www.ritephilosophal.fr\/index.php\/wp-json\/wp\/v2\/comments?post=12"}],"version-history":[{"count":3,"href":"https:\/\/www.ritephilosophal.fr\/index.php\/wp-json\/wp\/v2\/pages\/12\/revisions"}],"predecessor-version":[{"id":86,"href":"https:\/\/www.ritephilosophal.fr\/index.php\/wp-json\/wp\/v2\/pages\/12\/revisions\/86"}],"wp:attachment":[{"href":"https:\/\/www.ritephilosophal.fr\/index.php\/wp-json\/wp\/v2\/media?parent=12"}],"curies":[{"name":"wp","href":"https:\/\/api.w.org\/{rel}","templated":true}]}}