{"id":14,"date":"2026-01-02T14:21:53","date_gmt":"2026-01-02T14:21:53","guid":{"rendered":"https:\/\/www.ritephilosophal.fr\/?page_id=14"},"modified":"2026-01-03T14:33:41","modified_gmt":"2026-01-03T14:33:41","slug":"page-principes-charte","status":"publish","type":"page","link":"https:\/\/www.ritephilosophal.fr\/index.php\/page-principes-charte\/","title":{"rendered":"Principes \/ Charte"},"content":{"rendered":"\n<h3 class=\"wp-block-heading\">Article 1 \u2014 Nature<\/h3>\n\n\n\n<p>Le Grand Conseil du Rite Philosophal est une instance ma\u00e7onnique philosophale et f\u00e9d\u00e9rative.<\/p>\n\n\n\n<p>Il n\u2019est pas une ob\u00e9dience au sens administratif classique.<\/p>\n\n\n\n<p>Il n\u2019a pas vocation \u00e0 soumettre ni \u00e0 absorber les souverainet\u00e9s des ateliers membres&nbsp;: il unit sans contraindre et aide sans dominer.<\/p>\n\n\n\n<p>Article 2 \u2014 Buts<\/p>\n\n\n\n<p>Le Grand Conseil du Rite Philosophal a pour buts&nbsp;:<\/p>\n\n\n\n<p>1. de pr\u00e9server, transmettre et faire vivre le Rite Philosophal dans sa coh\u00e9rence initiatique, symbolique, alchimique et morale&nbsp;;<\/p>\n\n\n\n<p>2. d\u2019assurer la solidarit\u00e9 mutuelle entre les structures qui s\u2019y rattachent ou s\u2019en inspirent&nbsp;;<\/p>\n\n\n\n<p>3. de d\u00e9fendre la libert\u00e9 absolue de conscience de ses membres, y compris le droit pour chacune et chacun de croire, de ne pas croire, sans pression ni exigence d\u2019adh\u00e9sion commune&nbsp;;<\/p>\n\n\n\n<p>4. d\u2019assurer la continuit\u00e9 du patrimoine ma\u00e7onnique et philosophal sans dogmatisme ni appropriation personnelle.<\/p>\n\n\n\n<p>Article 3 \u2014 Devise<\/p>\n\n\n\n<p>\u00ab Solve et Coagula \u2014 Lib\u00e9rer et Unir \u00bb&nbsp;: nul n\u2019est r\u00e9ellement libre sans transformation int\u00e9rieure&nbsp;; nulle union n\u2019est juste si elle exige la soumission.<\/p>\n","protected":false},"excerpt":{"rendered":"<p>Article 1 \u2014 Nature Le Grand Conseil du Rite Philosophal est une instance ma\u00e7onnique philosophale et f\u00e9d\u00e9rative. Il n\u2019est pas une ob\u00e9dience au sens administratif classique. Il n\u2019a pas vocation \u00e0 soumettre ni \u00e0 absorber les souverainet\u00e9s des ateliers membres&nbsp;: il unit sans contraindre et aide sans dominer. Article 2 \u2014 Buts Le Grand Conseil [&hellip;]<\/p>\n","protected":false},"author":1,"featured_media":0,"parent":0,"menu_order":25,"comment_status":"closed","ping_status":"closed","template":"","meta":{"footnotes":""},"class_list":["post-14","page","type-page","status-publish","hentry"],"_links":{"self":[{"href":"https:\/\/www.ritephilosophal.fr\/index.php\/wp-json\/wp\/v2\/pages\/14","targetHints":{"allow":["GET"]}}],"collection":[{"href":"https:\/\/www.ritephilosophal.fr\/index.php\/wp-json\/wp\/v2\/pages"}],"about":[{"href":"https:\/\/www.ritephilosophal.fr\/index.php\/wp-json\/wp\/v2\/types\/page"}],"author":[{"embeddable":true,"href":"https:\/\/www.ritephilosophal.fr\/index.php\/wp-json\/wp\/v2\/users\/1"}],"replies":[{"embeddable":true,"href":"https:\/\/www.ritephilosophal.fr\/index.php\/wp-json\/wp\/v2\/comments?post=14"}],"version-history":[{"count":4,"href":"https:\/\/www.ritephilosophal.fr\/index.php\/wp-json\/wp\/v2\/pages\/14\/revisions"}],"predecessor-version":[{"id":75,"href":"https:\/\/www.ritephilosophal.fr\/index.php\/wp-json\/wp\/v2\/pages\/14\/revisions\/75"}],"wp:attachment":[{"href":"https:\/\/www.ritephilosophal.fr\/index.php\/wp-json\/wp\/v2\/media?parent=14"}],"curies":[{"name":"wp","href":"https:\/\/api.w.org\/{rel}","templated":true}]}}