{"id":18,"date":"2026-01-02T14:23:30","date_gmt":"2026-01-02T14:23:30","guid":{"rendered":"https:\/\/www.ritephilosophal.fr\/?page_id=18"},"modified":"2026-04-01T08:39:49","modified_gmt":"2026-04-01T08:39:49","slug":"organisation","status":"publish","type":"page","link":"https:\/\/www.ritephilosophal.fr\/index.php\/organisation\/","title":{"rendered":"Organisation"},"content":{"rendered":"\n<h3 class=\"wp-block-heading\">Structures locales<\/h3>\n\n\n\n<figure class=\"wp-block-image aligncenter size-large is-resized\"><img loading=\"lazy\" decoding=\"async\" width=\"368\" height=\"334\" src=\"https:\/\/www.ritephilosophal.fr\/wp-content\/uploads\/2026\/01\/Logo-Arkhe-1.jpg\" alt=\"\" class=\"wp-image-168\" style=\"aspect-ratio:1.1018172332840623;width:212px;height:auto\" srcset=\"https:\/\/www.ritephilosophal.fr\/wp-content\/uploads\/2026\/01\/Logo-Arkhe-1.jpg 368w, https:\/\/www.ritephilosophal.fr\/wp-content\/uploads\/2026\/01\/Logo-Arkhe-1-300x272.jpg 300w\" sizes=\"auto, (max-width: 368px) 100vw, 368px\" \/><\/figure>\n\n\n\n<p class=\"has-text-align-center\">Respectable Loge <em>Arkh\u00e8<\/em> n\u00b0 1 &#8211; Aix-en-Provence<\/p>\n\n\n\n<figure class=\"wp-block-image aligncenter size-large is-resized\"><img loading=\"lazy\" decoding=\"async\" width=\"447\" height=\"386\" src=\"https:\/\/www.ritephilosophal.fr\/wp-content\/uploads\/2026\/01\/Logo-mercure.jpg\" alt=\"\" class=\"wp-image-163\" style=\"aspect-ratio:1.1580448982656355;width:249px;height:auto\" srcset=\"https:\/\/www.ritephilosophal.fr\/wp-content\/uploads\/2026\/01\/Logo-mercure.jpg 447w, https:\/\/www.ritephilosophal.fr\/wp-content\/uploads\/2026\/01\/Logo-mercure-300x259.jpg 300w\" sizes=\"auto, (max-width: 447px) 100vw, 447px\" \/><\/figure>\n\n\n\n<p class=\"has-text-align-center\">Respectable Loge <em>Mercure<\/em> n\u00b0 2 &#8211; Toulon<\/p>\n\n\n\n<figure class=\"wp-block-image aligncenter size-full is-resized\"><img loading=\"lazy\" decoding=\"async\" width=\"368\" height=\"334\" src=\"https:\/\/www.ritephilosophal.fr\/wp-content\/uploads\/2026\/04\/Logo-Les-Ailes-du-Vent.jpg\" alt=\"\" class=\"wp-image-185\" style=\"aspect-ratio:1.1018728479045938;width:213px;height:auto\" srcset=\"https:\/\/www.ritephilosophal.fr\/wp-content\/uploads\/2026\/04\/Logo-Les-Ailes-du-Vent.jpg 368w, https:\/\/www.ritephilosophal.fr\/wp-content\/uploads\/2026\/04\/Logo-Les-Ailes-du-Vent-300x272.jpg 300w\" sizes=\"auto, (max-width: 368px) 100vw, 368px\" \/><\/figure>\n\n\n\n<p class=\"has-text-align-center\">Respectable Loge<em> Les Ailes du Vent<\/em> n\u00b0 3 &#8211; Nice<\/p>\n\n\n\n<p>Le Rite s\u2019organise autour de structures de proximit\u00e9, constitu\u00e9es progressivement :<\/p>\n\n\n\n<ul class=\"wp-block-list\">\n<li><strong>Triangles<\/strong> : noyaux de travail et de pr\u00e9paration<\/li>\n\n\n\n<li><strong>Loges \/ Ateliers<\/strong> : structures stables de tenue et de formation<\/li>\n<\/ul>\n\n\n\n<h3 class=\"wp-block-heading\">Fonctionnement<\/h3>\n\n\n\n<p>Le fonctionnement repose sur :<\/p>\n\n\n\n<ul class=\"wp-block-list\">\n<li>des r\u00e8gles de tenue et de discipline de travail<\/li>\n\n\n\n<li>une transmission progressive des contenus<\/li>\n\n\n\n<li>une organisation sobre des responsabilit\u00e9s<\/li>\n\n\n\n<li>des proc\u00e9dures claires pour l\u2019accueil, la formation et la publication<\/li>\n<\/ul>\n\n\n\n<h3 class=\"wp-block-heading\">R\u00f4les et responsabilit\u00e9s<\/h3>\n\n\n\n<p>Les responsabilit\u00e9s sont con\u00e7ues comme des fonctions de service. Elles visent \u00e0 garantir :<\/p>\n\n\n\n<ul class=\"wp-block-list\">\n<li>la qualit\u00e9 des travaux<\/li>\n\n\n\n<li>le respect des personnes<\/li>\n\n\n\n<li>la continuit\u00e9 des usages<\/li>\n\n\n\n<li>la r\u00e9gularit\u00e9 des communications et du suivi<\/li>\n<\/ul>\n","protected":false},"excerpt":{"rendered":"<p>Structures locales Respectable Loge Arkh\u00e8 n\u00b0 1 &#8211; Aix-en-Provence Respectable Loge Mercure n\u00b0 2 &#8211; Toulon Respectable Loge Les Ailes du Vent n\u00b0 3 &#8211; Nice Le Rite s\u2019organise autour de structures de proximit\u00e9, constitu\u00e9es progressivement : Fonctionnement Le fonctionnement repose sur : R\u00f4les et responsabilit\u00e9s Les responsabilit\u00e9s sont con\u00e7ues comme des fonctions de service. [&hellip;]<\/p>\n","protected":false},"author":1,"featured_media":0,"parent":0,"menu_order":40,"comment_status":"closed","ping_status":"closed","template":"","meta":{"footnotes":""},"class_list":["post-18","page","type-page","status-publish","hentry"],"_links":{"self":[{"href":"https:\/\/www.ritephilosophal.fr\/index.php\/wp-json\/wp\/v2\/pages\/18","targetHints":{"allow":["GET"]}}],"collection":[{"href":"https:\/\/www.ritephilosophal.fr\/index.php\/wp-json\/wp\/v2\/pages"}],"about":[{"href":"https:\/\/www.ritephilosophal.fr\/index.php\/wp-json\/wp\/v2\/types\/page"}],"author":[{"embeddable":true,"href":"https:\/\/www.ritephilosophal.fr\/index.php\/wp-json\/wp\/v2\/users\/1"}],"replies":[{"embeddable":true,"href":"https:\/\/www.ritephilosophal.fr\/index.php\/wp-json\/wp\/v2\/comments?post=18"}],"version-history":[{"count":9,"href":"https:\/\/www.ritephilosophal.fr\/index.php\/wp-json\/wp\/v2\/pages\/18\/revisions"}],"predecessor-version":[{"id":189,"href":"https:\/\/www.ritephilosophal.fr\/index.php\/wp-json\/wp\/v2\/pages\/18\/revisions\/189"}],"wp:attachment":[{"href":"https:\/\/www.ritephilosophal.fr\/index.php\/wp-json\/wp\/v2\/media?parent=18"}],"curies":[{"name":"wp","href":"https:\/\/api.w.org\/{rel}","templated":true}]}}