{"id":22,"date":"2026-01-02T14:25:57","date_gmt":"2026-01-02T14:25:57","guid":{"rendered":"https:\/\/www.ritephilosophal.fr\/?page_id=22"},"modified":"2026-01-03T18:18:49","modified_gmt":"2026-01-03T18:18:49","slug":"mentions-legales-confidentialite","status":"publish","type":"page","link":"https:\/\/www.ritephilosophal.fr\/index.php\/mentions-legales-confidentialite\/","title":{"rendered":"Mentions l\u00e9gales \/ Confidentialit\u00e9"},"content":{"rendered":"\n<p>Mentions l\u00e9gales<\/p>\n\n\n\n<ul class=\"wp-block-list\">\n<li><strong>\u00c9diteur du site<\/strong> : F\u00e9d\u00e9ration Philosophique et Culturelle \u00ab\u00a0Grand Conseil du Rite Philosophal\u00a0\u00bb<\/li>\n\n\n\n<li><strong>Adresse<\/strong> : 210 avenue du Verger 83140 Six-Fours-Les-Plages.<\/li>\n\n\n\n<li><strong>Responsable de publication<\/strong> : Alain Mucchielli<\/li>\n\n\n\n<li><strong>Contact<\/strong> : <strong><a href=\"mailto:grandconseil.ritephilosophal@gmail.com\">grandconseil.ritephilosophal@gmail.com<\/a><\/strong><\/li>\n\n\n\n<li><strong>H\u00e9bergeur<\/strong> : OVHcloud, 2 rue Kellermann, 59100 Roubaix, France<\/li>\n<\/ul>\n\n\n\n<h3 class=\"wp-block-heading\">Propri\u00e9t\u00e9 intellectuelle<\/h3>\n\n\n\n<p>Les textes et contenus publi\u00e9s sur ce site sont prot\u00e9g\u00e9s. Toute reproduction ou diffusion non autoris\u00e9e est interdite, sauf mention contraire.<\/p>\n\n\n\n<h3 class=\"wp-block-heading\">Donn\u00e9es personnelles<\/h3>\n\n\n\n<p>Les donn\u00e9es transmises via les formulaires ou par courriel sont utilis\u00e9es uniquement pour r\u00e9pondre aux demandes et g\u00e9rer les \u00e9changes. Elles ne sont ni vendues ni c\u00e9d\u00e9es \u00e0 des tiers.<\/p>\n\n\n\n<h3 class=\"wp-block-heading\">Cookies et mesures d\u2019audience<\/h3>\n\n\n\n<p>Le site peut utiliser des cookies techniques n\u00e9cessaires \u00e0 son fonctionnement. Les mesures d\u2019audience, si activ\u00e9es, sont utilis\u00e9es \u00e0 des fins statistiques.<\/p>\n\n\n\n<h3 class=\"wp-block-heading\">Exercer vos droits<\/h3>\n\n\n\n<p>Vous pouvez demander l\u2019acc\u00e8s, la rectification ou la suppression de vos donn\u00e9es en \u00e9crivant \u00e0 : <strong>[adresse e-mail]<\/strong><\/p>\n","protected":false},"excerpt":{"rendered":"<p>Mentions l\u00e9gales Propri\u00e9t\u00e9 intellectuelle Les textes et contenus publi\u00e9s sur ce site sont prot\u00e9g\u00e9s. Toute reproduction ou diffusion non autoris\u00e9e est interdite, sauf mention contraire. Donn\u00e9es personnelles Les donn\u00e9es transmises via les formulaires ou par courriel sont utilis\u00e9es uniquement pour r\u00e9pondre aux demandes et g\u00e9rer les \u00e9changes. Elles ne sont ni vendues ni c\u00e9d\u00e9es \u00e0 [&hellip;]<\/p>\n","protected":false},"author":1,"featured_media":0,"parent":0,"menu_order":60,"comment_status":"closed","ping_status":"closed","template":"","meta":{"footnotes":""},"class_list":["post-22","page","type-page","status-publish","hentry"],"_links":{"self":[{"href":"https:\/\/www.ritephilosophal.fr\/index.php\/wp-json\/wp\/v2\/pages\/22","targetHints":{"allow":["GET"]}}],"collection":[{"href":"https:\/\/www.ritephilosophal.fr\/index.php\/wp-json\/wp\/v2\/pages"}],"about":[{"href":"https:\/\/www.ritephilosophal.fr\/index.php\/wp-json\/wp\/v2\/types\/page"}],"author":[{"embeddable":true,"href":"https:\/\/www.ritephilosophal.fr\/index.php\/wp-json\/wp\/v2\/users\/1"}],"replies":[{"embeddable":true,"href":"https:\/\/www.ritephilosophal.fr\/index.php\/wp-json\/wp\/v2\/comments?post=22"}],"version-history":[{"count":3,"href":"https:\/\/www.ritephilosophal.fr\/index.php\/wp-json\/wp\/v2\/pages\/22\/revisions"}],"predecessor-version":[{"id":121,"href":"https:\/\/www.ritephilosophal.fr\/index.php\/wp-json\/wp\/v2\/pages\/22\/revisions\/121"}],"wp:attachment":[{"href":"https:\/\/www.ritephilosophal.fr\/index.php\/wp-json\/wp\/v2\/media?parent=22"}],"curies":[{"name":"wp","href":"https:\/\/api.w.org\/{rel}","templated":true}]}}